{"id":258,"date":"2023-06-18T13:02:46","date_gmt":"2023-06-18T13:02:46","guid":{"rendered":"http:\/\/nzi.drf.mybluehost.me\/?page_id=258"},"modified":"2023-06-18T13:08:56","modified_gmt":"2023-06-18T13:08:56","slug":"aboutthehotel","status":"publish","type":"page","link":"http:\/\/hotelvillahuber.com\/de\/aboutthehotel\/","title":{"rendered":"\u00dcber das Hotel"},"content":{"rendered":"<div data-elementor-type=\"wp-page\" data-elementor-id=\"258\" class=\"elementor elementor-258\">\n\t\t\t\t\t\t<section class=\"elementor-section elementor-top-section elementor-element elementor-element-2851402 elementor-section-boxed elementor-section-height-default elementor-section-height-default\" data-id=\"2851402\" data-element_type=\"section\" data-e-type=\"section\">\n\t\t\t\t\t\t<div class=\"elementor-container elementor-column-gap-default\">\n\t\t\t\t\t<div class=\"elementor-column elementor-col-100 elementor-top-column elementor-element elementor-element-81a8599\" data-id=\"81a8599\" data-element_type=\"column\" data-e-type=\"column\">\n\t\t\t<div class=\"elementor-widget-wrap elementor-element-populated\">\n\t\t\t\t\t\t<div class=\"elementor-element elementor-element-f595814 elementor-widget__width-initial elementor-widget elementor-widget-text-editor\" data-id=\"f595814\" data-element_type=\"widget\" data-e-type=\"widget\" data-widget_type=\"text-editor.default\">\n\t\t\t\t<div class=\"elementor-widget-container\">\n\t\t\t\t\t\t\t\t\t<p>Die 200 Jahre alte Villa wurde 1911 von einem Wiener Designer in ihrer heutigen Form umgebaut. Jahrzehntelang war die teilweise im Jugendstil erbaute Villa, die seit 1912 als Gasthof-Pension HUBER bekannt ist, ein beliebter Urlaubsort des Wiener Adels und prominenter Pers\u00f6nlichkeiten.<\/p><p>Ab 1. November 2010 begr\u00fc\u00dfen wir unsere G\u00e4ste nach umfangreichen Renovierungs- und Modernisierungsarbeiten im Innen- und Au\u00dfenbereich im traditionsreichen Hotel Villa Huber*** mit insgesamt 14 neuen komfortablen Zimmern und Suiten (Familiensuiten).<\/p><p>Neben dem hohen Standard der Gastfreundschaft zeichnet sich das Hotel durch seine Vielf\u00e4ltigkeit aus, sein Gesicht \u00e4ndert sich von Saison zu Saison, so dass es einem Cham\u00e4leon gleicht.<\/p><p>Die Villa ist nicht nur ein idealer Ort f\u00fcr Wintersportler, um neue Energie zu tanken, sondern bietet den Besuchern auch das ganze Jahr \u00fcber eine breite Palette an Aktivit\u00e4ten. Das Hotel Villa Huber*** und sein Team bieten neben der herzlichen Gastfreundschaft auch k\u00f6stliche Mahlzeiten, einen Whirlpool und eine finnische Sauna.<\/p><p>Ein Cham\u00e4leon der Gastfreundschaft - die Dienstleistungen dieses vielseitigen Hotels<\/p><p>Das Hotel Villa Huber*** bietet seinen G\u00e4sten auch eine breite Palette von Dienstleistungen an. Das Hotel kann bequem bis zu 45 G\u00e4ste mit Fr\u00fchst\u00fcck oder Halbpension beherbergen.<\/p><p>Auf einer gastronomischen Reise k\u00f6nnen die G\u00e4ste in unserem 100 Jahre alten Weinkeller internationale Weine verkosten und in unserem Restaurant aus einer Vielzahl von ausgezeichneten Gourmetgerichten w\u00e4hlen. Au\u00dferdem verf\u00fcgt das Haus \u00fcber eine eigene Caf\u00e9-Bar, eine Terrasse und ein Restaurant f\u00fcr bis zu 50 Personen.<\/p><p>Unsere Zimmer sind ausgestattet mit SAT-TV, WLAN, Wellnessbetten (28 cm), exklusiven M\u00f6beln, ger\u00e4umigen Zimmern, Massageduschkabine.<\/p><p>Der neu gestaltete Wellnessbereich des Hotels, der mit einem Whirlpool und einer finnischen Sauna ausgestattet ist, tr\u00e4gt zur Entspannung bei.<\/p><p>Der Parkplatz des Hotels bietet Platz f\u00fcr etwa 35 Autos und sogar einen Bus.<\/p>\t\t\t\t\t\t\t\t<\/div>\n\t\t\t\t<\/div>\n\t\t\t\t\t<\/div>\n\t\t<\/div>\n\t\t\t\t\t<\/div>\n\t\t<\/section>\n\t\t\t\t<\/div>","protected":false},"excerpt":{"rendered":"<p>The 200-year-old villa was rebuilt in 1911 by a Viennese designer to its present form. For decades, the partly Art Nouveau-style mansion, which has been known as Gasthof-Pension HUBER since 1912, was a favorite holiday resort of the Viennese aristocracy and prominent personalities. From 1 November 2010, following extensive interior and exterior renovation and modernization [&hellip;]<\/p>\n","protected":false},"author":1,"featured_media":0,"parent":0,"menu_order":0,"comment_status":"closed","ping_status":"closed","template":"","meta":{"nf_dc_page":"","_monsterinsights_skip_tracking":false,"_monsterinsights_sitenote_active":false,"_monsterinsights_sitenote_note":"","_monsterinsights_sitenote_category":0,"footnotes":""},"categories":[],"tags":[],"class_list":["post-258","page","type-page","status-publish","hentry"],"yoast_head":"<!-- This site is optimized with the Yoast SEO plugin v27.5 - https:\/\/yoast.com\/product\/yoast-seo-wordpress\/ -->\n<title>About The Hotel - Hotel Villa Huber<\/title>\n<meta name=\"robots\" content=\"index, follow, max-snippet:-1, max-image-preview:large, max-video-preview:-1\" \/>\n<link rel=\"canonical\" href=\"http:\/\/hotelvillahuber.com\/de\/aboutthehotel\/\" \/>\n<meta property=\"og:locale\" content=\"de_DE\" \/>\n<meta property=\"og:type\" content=\"article\" \/>\n<meta property=\"og:title\" content=\"About The Hotel - Hotel Villa Huber\" \/>\n<meta property=\"og:description\" content=\"The 200-year-old villa was rebuilt in 1911 by a Viennese designer to its present form. For decades, the partly Art Nouveau-style mansion, which has been known as Gasthof-Pension HUBER since 1912, was a favorite holiday resort of the Viennese aristocracy and prominent personalities. From 1 November 2010, following extensive interior and exterior renovation and modernization [&hellip;]\" \/>\n<meta property=\"og:url\" content=\"http:\/\/hotelvillahuber.com\/de\/aboutthehotel\/\" \/>\n<meta property=\"og:site_name\" content=\"Hotel Villa Huber\" \/>\n<meta property=\"article:publisher\" content=\"https:\/\/www.facebook.com\/HotelVillaHuberAustria\" \/>\n<meta property=\"article:modified_time\" content=\"2023-06-18T13:08:56+00:00\" \/>\n<script type=\"application\/ld+json\" class=\"yoast-schema-graph\">{\"@context\":\"https:\\\/\\\/schema.org\",\"@graph\":[{\"@type\":\"WebPage\",\"@id\":\"http:\\\/\\\/hotelvillahuber.com\\\/de\\\/aboutthehotel\\\/\",\"url\":\"http:\\\/\\\/hotelvillahuber.com\\\/de\\\/aboutthehotel\\\/\",\"name\":\"About The Hotel - Hotel Villa Huber\",\"isPartOf\":{\"@id\":\"https:\\\/\\\/hotelvillahuber.com\\\/de\\\/#website\"},\"datePublished\":\"2023-06-18T13:02:46+00:00\",\"dateModified\":\"2023-06-18T13:08:56+00:00\",\"breadcrumb\":{\"@id\":\"http:\\\/\\\/hotelvillahuber.com\\\/de\\\/aboutthehotel\\\/#breadcrumb\"},\"inLanguage\":\"de-AT\",\"potentialAction\":[{\"@type\":\"ReadAction\",\"target\":[\"http:\\\/\\\/hotelvillahuber.com\\\/de\\\/aboutthehotel\\\/\"]}]},{\"@type\":\"BreadcrumbList\",\"@id\":\"http:\\\/\\\/hotelvillahuber.com\\\/de\\\/aboutthehotel\\\/#breadcrumb\",\"itemListElement\":[{\"@type\":\"ListItem\",\"position\":1,\"name\":\"Home\",\"item\":\"https:\\\/\\\/hotelvillahuber.com\\\/de\\\/\"},{\"@type\":\"ListItem\",\"position\":2,\"name\":\"About The Hotel\"}]},{\"@type\":\"WebSite\",\"@id\":\"https:\\\/\\\/hotelvillahuber.com\\\/de\\\/#website\",\"url\":\"https:\\\/\\\/hotelvillahuber.com\\\/de\\\/\",\"name\":\"Hotel Villa Huber\",\"description\":\"The historic Villa Huber from 1830 is located 700m from Lake Afritz.\",\"publisher\":{\"@id\":\"https:\\\/\\\/hotelvillahuber.com\\\/de\\\/#organization\"},\"potentialAction\":[{\"@type\":\"SearchAction\",\"target\":{\"@type\":\"EntryPoint\",\"urlTemplate\":\"https:\\\/\\\/hotelvillahuber.com\\\/de\\\/?s={search_term_string}\"},\"query-input\":{\"@type\":\"PropertyValueSpecification\",\"valueRequired\":true,\"valueName\":\"search_term_string\"}}],\"inLanguage\":\"de-AT\"},{\"@type\":\"Organization\",\"@id\":\"https:\\\/\\\/hotelvillahuber.com\\\/de\\\/#organization\",\"name\":\"Hotel Villa Huber\",\"url\":\"https:\\\/\\\/hotelvillahuber.com\\\/de\\\/\",\"logo\":{\"@type\":\"ImageObject\",\"inLanguage\":\"de-AT\",\"@id\":\"https:\\\/\\\/hotelvillahuber.com\\\/de\\\/#\\\/schema\\\/logo\\\/image\\\/\",\"url\":\"https:\\\/\\\/i0.wp.com\\\/hotelvillahuber.com\\\/wp-content\\\/uploads\\\/2023\\\/06\\\/villahuber_logo.png?fit=609%2C232\",\"contentUrl\":\"https:\\\/\\\/i0.wp.com\\\/hotelvillahuber.com\\\/wp-content\\\/uploads\\\/2023\\\/06\\\/villahuber_logo.png?fit=609%2C232\",\"width\":609,\"height\":232,\"caption\":\"Hotel Villa Huber\"},\"image\":{\"@id\":\"https:\\\/\\\/hotelvillahuber.com\\\/de\\\/#\\\/schema\\\/logo\\\/image\\\/\"},\"sameAs\":[\"https:\\\/\\\/www.facebook.com\\\/HotelVillaHuberAustria\"]}]}<\/script>\n<!-- \/ Yoast SEO plugin. -->","yoast_head_json":{"title":"About The Hotel - Hotel Villa Huber","robots":{"index":"index","follow":"follow","max-snippet":"max-snippet:-1","max-image-preview":"max-image-preview:large","max-video-preview":"max-video-preview:-1"},"canonical":"http:\/\/hotelvillahuber.com\/de\/aboutthehotel\/","og_locale":"de_DE","og_type":"article","og_title":"About The Hotel - Hotel Villa Huber","og_description":"The 200-year-old villa was rebuilt in 1911 by a Viennese designer to its present form. For decades, the partly Art Nouveau-style mansion, which has been known as Gasthof-Pension HUBER since 1912, was a favorite holiday resort of the Viennese aristocracy and prominent personalities. From 1 November 2010, following extensive interior and exterior renovation and modernization [&hellip;]","og_url":"http:\/\/hotelvillahuber.com\/de\/aboutthehotel\/","og_site_name":"Hotel Villa Huber","article_publisher":"https:\/\/www.facebook.com\/HotelVillaHuberAustria","article_modified_time":"2023-06-18T13:08:56+00:00","schema":{"@context":"https:\/\/schema.org","@graph":[{"@type":"WebPage","@id":"http:\/\/hotelvillahuber.com\/de\/aboutthehotel\/","url":"http:\/\/hotelvillahuber.com\/de\/aboutthehotel\/","name":"About The Hotel - Hotel Villa Huber","isPartOf":{"@id":"https:\/\/hotelvillahuber.com\/de\/#website"},"datePublished":"2023-06-18T13:02:46+00:00","dateModified":"2023-06-18T13:08:56+00:00","breadcrumb":{"@id":"http:\/\/hotelvillahuber.com\/de\/aboutthehotel\/#breadcrumb"},"inLanguage":"de-AT","potentialAction":[{"@type":"ReadAction","target":["http:\/\/hotelvillahuber.com\/de\/aboutthehotel\/"]}]},{"@type":"BreadcrumbList","@id":"http:\/\/hotelvillahuber.com\/de\/aboutthehotel\/#breadcrumb","itemListElement":[{"@type":"ListItem","position":1,"name":"Home","item":"https:\/\/hotelvillahuber.com\/de\/"},{"@type":"ListItem","position":2,"name":"About The Hotel"}]},{"@type":"WebSite","@id":"https:\/\/hotelvillahuber.com\/de\/#website","url":"https:\/\/hotelvillahuber.com\/de\/","name":"Hotel Villa Huber","description":"The historic Villa Huber from 1830 is located 700m from Lake Afritz.","publisher":{"@id":"https:\/\/hotelvillahuber.com\/de\/#organization"},"potentialAction":[{"@type":"SearchAction","target":{"@type":"EntryPoint","urlTemplate":"https:\/\/hotelvillahuber.com\/de\/?s={search_term_string}"},"query-input":{"@type":"PropertyValueSpecification","valueRequired":true,"valueName":"search_term_string"}}],"inLanguage":"de-AT"},{"@type":"Organization","@id":"https:\/\/hotelvillahuber.com\/de\/#organization","name":"Hotel Villa Huber","url":"https:\/\/hotelvillahuber.com\/de\/","logo":{"@type":"ImageObject","inLanguage":"de-AT","@id":"https:\/\/hotelvillahuber.com\/de\/#\/schema\/logo\/image\/","url":"https:\/\/i0.wp.com\/hotelvillahuber.com\/wp-content\/uploads\/2023\/06\/villahuber_logo.png?fit=609%2C232","contentUrl":"https:\/\/i0.wp.com\/hotelvillahuber.com\/wp-content\/uploads\/2023\/06\/villahuber_logo.png?fit=609%2C232","width":609,"height":232,"caption":"Hotel Villa Huber"},"image":{"@id":"https:\/\/hotelvillahuber.com\/de\/#\/schema\/logo\/image\/"},"sameAs":["https:\/\/www.facebook.com\/HotelVillaHuberAustria"]}]}},"jetpack_sharing_enabled":true,"_links":{"self":[{"href":"http:\/\/hotelvillahuber.com\/de\/wp-json\/wp\/v2\/pages\/258","targetHints":{"allow":["GET"]}}],"collection":[{"href":"http:\/\/hotelvillahuber.com\/de\/wp-json\/wp\/v2\/pages"}],"about":[{"href":"http:\/\/hotelvillahuber.com\/de\/wp-json\/wp\/v2\/types\/page"}],"author":[{"embeddable":true,"href":"http:\/\/hotelvillahuber.com\/de\/wp-json\/wp\/v2\/users\/1"}],"replies":[{"embeddable":true,"href":"http:\/\/hotelvillahuber.com\/de\/wp-json\/wp\/v2\/comments?post=258"}],"version-history":[{"count":5,"href":"http:\/\/hotelvillahuber.com\/de\/wp-json\/wp\/v2\/pages\/258\/revisions"}],"predecessor-version":[{"id":269,"href":"http:\/\/hotelvillahuber.com\/de\/wp-json\/wp\/v2\/pages\/258\/revisions\/269"}],"wp:attachment":[{"href":"http:\/\/hotelvillahuber.com\/de\/wp-json\/wp\/v2\/media?parent=258"}],"wp:term":[{"taxonomy":"category","embeddable":true,"href":"http:\/\/hotelvillahuber.com\/de\/wp-json\/wp\/v2\/categories?post=258"},{"taxonomy":"post_tag","embeddable":true,"href":"http:\/\/hotelvillahuber.com\/de\/wp-json\/wp\/v2\/tags?post=258"}],"curies":[{"name":"wp","href":"https:\/\/api.w.org\/{rel}","templated":true}]}}