{"id":5,"date":"2023-06-17T17:00:12","date_gmt":"2023-06-17T17:00:12","guid":{"rendered":"http:\/\/nzi.drf.mybluehost.me\/homepage\/"},"modified":"2023-06-18T12:53:57","modified_gmt":"2023-06-18T12:53:57","slug":"homepage","status":"publish","type":"page","link":"http:\/\/hotelvillahuber.com\/de\/","title":{"rendered":"Hotel"},"content":{"rendered":"<div style=\"height:50px\" aria-hidden=\"true\" class=\"wp-block-spacer\"><\/div>\n\n\n\n<figure class=\"wp-block-gallery has-nested-images columns-default is-cropped wp-block-gallery-2 is-layout-flex wp-block-gallery-is-layout-flex\">\n<figure class=\"wp-block-image size-large is-style-rounded is-style-rounded--1\"><img data-recalc-dims=\"1\" fetchpriority=\"high\" decoding=\"async\" width=\"1024\" height=\"452\" data-id=\"52\" src=\"https:\/\/i0.wp.com\/nzi.drf.mybluehost.me\/wp-content\/uploads\/2023\/06\/Hotel-Welcome-1-1024x452.png?resize=1024%2C452\" alt=\"\" class=\"wp-image-52\" srcset=\"https:\/\/i0.wp.com\/hotelvillahuber.com\/wp-content\/uploads\/2023\/06\/Hotel-Welcome-1.png?resize=1024%2C452 1024w, https:\/\/i0.wp.com\/hotelvillahuber.com\/wp-content\/uploads\/2023\/06\/Hotel-Welcome-1.png?resize=300%2C132 300w, https:\/\/i0.wp.com\/hotelvillahuber.com\/wp-content\/uploads\/2023\/06\/Hotel-Welcome-1.png?resize=768%2C339 768w, https:\/\/i0.wp.com\/hotelvillahuber.com\/wp-content\/uploads\/2023\/06\/Hotel-Welcome-1.png?resize=1536%2C677 1536w, https:\/\/i0.wp.com\/hotelvillahuber.com\/wp-content\/uploads\/2023\/06\/Hotel-Welcome-1.png?w=2048 2048w\" sizes=\"(max-width: 1000px) 100vw, 1000px\" \/><\/figure>\n<\/figure>\n\n\n\n<div class=\"wp-block-columns is-layout-flex wp-container-core-columns-is-layout-28f84493 wp-block-columns-is-layout-flex\">\n<div class=\"wp-block-column is-layout-flow wp-block-column-is-layout-flow\">\n<p>Die historische Villa Huber aus dem Jahr 1830 begr\u00fc\u00dft Sie 700 m vom Afritzer See entfernt. Freuen Sie sich auf gehobene K\u00e4rntner K\u00fcche und ger\u00e4umige Zimmer mit einem Balkon. Entspannen Sie auf der Au\u00dfenterrasse oder in der kostenfreien Sauna.<br>Alle Zimmer im Hotel Villa Huber bestechen durch elegante historische M\u00f6bel, kostenfreies WLAN und Sat-TV. Die Badezimmer sind mit einer Massagedusche ausgestattet.<\/p>\n\n\n\n<p>Im Sommer k\u00f6nnen Sie sich auf der nahe gelegenen Sommerrodelbahn von Afritz vergn\u00fcgen. Zu den weiteren Aktivit\u00e4ten geh\u00f6ren Mountainbiken, Angeln, Segeln und Windsurfen. Die Villa Huber bietet au\u00dferdem kostenfreie \u00fcberdachte Parkpl\u00e4tze.<\/p>\n\n\n\n<p>Das Skigebiet Gerlitzen befindet sich 10 km von der Unterkunft entfernt. Freuen Sie sich auf Schlittschuhlaufen auf dem See, Schneeschuhwanderungen und Eisstockschie\u00dfen. Bad Kleinkirchheim liegt 19 km entfernt und Villach erreichen Sie von der Villa Huber aus nach 25 km. Die landschaftlich reizvollen Panoramarouten Nockalmstra\u00dfe und Villacher Alpenstra\u00dfe sind vom Hotel aus bequem erreichbar.<\/p>\n<\/div>\n<\/div>\n\n\n\n<div style=\"height:100px\" aria-hidden=\"true\" class=\"wp-block-spacer\"><\/div>\n\n\n\n<h3 class=\"wp-block-heading has-text-align-center has-contrast-color has-text-color has-background has-large-font-size\" style=\"background:linear-gradient(90deg,rgb(255,105,0) 0%,rgb(255,187,0) 44%,rgb(255,105,0) 100%);font-style:normal;font-weight:600\">Orte zum Besuchen <\/h3>\n\n\n\n<div style=\"height:50px\" aria-hidden=\"true\" class=\"wp-block-spacer\"><\/div>\n\n\n\n<figure class=\"wp-block-gallery has-nested-images columns-default is-cropped wp-block-gallery-6 is-layout-flex wp-block-gallery-is-layout-flex\">\n<figure class=\"wp-block-image size-large is-style-rounded is-style-rounded--3\"><img data-recalc-dims=\"1\" decoding=\"async\" width=\"1024\" height=\"629\" data-id=\"13\" src=\"https:\/\/i0.wp.com\/nzi.drf.mybluehost.me\/wp-content\/uploads\/2023\/06\/Afritzer_see_2003-1024x629.jpg?resize=1024%2C629\" alt=\"\" class=\"wp-image-13\" srcset=\"https:\/\/i0.wp.com\/hotelvillahuber.com\/wp-content\/uploads\/2023\/06\/Afritzer_see_2003.jpg?resize=1024%2C629 1024w, https:\/\/i0.wp.com\/hotelvillahuber.com\/wp-content\/uploads\/2023\/06\/Afritzer_see_2003.jpg?resize=300%2C184 300w, https:\/\/i0.wp.com\/hotelvillahuber.com\/wp-content\/uploads\/2023\/06\/Afritzer_see_2003.jpg?resize=768%2C472 768w, https:\/\/i0.wp.com\/hotelvillahuber.com\/wp-content\/uploads\/2023\/06\/Afritzer_see_2003.jpg?w=1500 1500w\" sizes=\"(max-width: 1000px) 100vw, 1000px\" \/><\/figure>\n\n\n\n<figure class=\"wp-block-image size-large is-style-rounded is-style-rounded--4\"><img data-recalc-dims=\"1\" decoding=\"async\" width=\"1024\" height=\"683\" data-id=\"12\" src=\"https:\/\/i0.wp.com\/nzi.drf.mybluehost.me\/wp-content\/uploads\/2023\/06\/Landskron-Castle-Villach-shutterstock_160921913.jpg?resize=1024%2C683\" alt=\"\" class=\"wp-image-12\" srcset=\"https:\/\/i0.wp.com\/hotelvillahuber.com\/wp-content\/uploads\/2023\/06\/Landskron-Castle-Villach-shutterstock_160921913.jpg?w=1024 1024w, https:\/\/i0.wp.com\/hotelvillahuber.com\/wp-content\/uploads\/2023\/06\/Landskron-Castle-Villach-shutterstock_160921913.jpg?resize=300%2C200 300w, https:\/\/i0.wp.com\/hotelvillahuber.com\/wp-content\/uploads\/2023\/06\/Landskron-Castle-Villach-shutterstock_160921913.jpg?resize=768%2C512 768w\" sizes=\"(max-width: 1000px) 100vw, 1000px\" \/><\/figure>\n\n\n\n<figure class=\"wp-block-image size-large is-style-rounded is-style-rounded--5\"><img data-recalc-dims=\"1\" loading=\"lazy\" decoding=\"async\" width=\"1024\" height=\"629\" data-id=\"11\" src=\"https:\/\/i0.wp.com\/nzi.drf.mybluehost.me\/wp-content\/uploads\/2023\/06\/millstaetter-see-kaernten-orte-ausfluege-1024x629-1.jpg?resize=1024%2C629\" alt=\"\" class=\"wp-image-11\" srcset=\"https:\/\/i0.wp.com\/hotelvillahuber.com\/wp-content\/uploads\/2023\/06\/millstaetter-see-kaernten-orte-ausfluege-1024x629-1.jpg?w=1024 1024w, https:\/\/i0.wp.com\/hotelvillahuber.com\/wp-content\/uploads\/2023\/06\/millstaetter-see-kaernten-orte-ausfluege-1024x629-1.jpg?resize=300%2C184 300w, https:\/\/i0.wp.com\/hotelvillahuber.com\/wp-content\/uploads\/2023\/06\/millstaetter-see-kaernten-orte-ausfluege-1024x629-1.jpg?resize=768%2C472 768w\" sizes=\"(max-width: 1000px) 100vw, 1000px\" \/><\/figure>\n<\/figure>\n\n\n\n<div class=\"wp-block-columns is-layout-flex wp-container-core-columns-is-layout-28f84493 wp-block-columns-is-layout-flex\">\n<div class=\"wp-block-column is-layout-flow wp-block-column-is-layout-flow\">\n<h2 class=\"wp-block-heading has-text-align-center has-contrast-color has-text-color\">Lake Afritz<\/h2>\n<\/div>\n\n\n\n<div class=\"wp-block-column is-layout-flow wp-block-column-is-layout-flow\">\n<h2 class=\"wp-block-heading has-text-align-center has-contrast-color has-text-color\">Landskron Burg Villach<\/h2>\n<\/div>\n\n\n\n<div class=\"wp-block-column is-layout-flow wp-block-column-is-layout-flow\">\n<h2 class=\"wp-block-heading has-text-align-center has-contrast-color has-text-color\">Millst\u00e4tter See<\/h2>\n<\/div>\n<\/div>\n\n\n\n<div class=\"wp-block-columns is-layout-flex wp-container-core-columns-is-layout-28f84493 wp-block-columns-is-layout-flex\">\n<div class=\"wp-block-column is-layout-flow wp-block-column-is-layout-flow\">\n<p>Afritzer&nbsp;<em>See<\/em>&nbsp;ist ein nat\u00fcrliches und beliebtes Schwimmen&nbsp;<em>lake<\/em>&nbsp;(1,7 Kilometer lang, 340 Meter breit und bis zu 22,5 Meter tief) mit einer Wasserqualit\u00e4t von Trinkwasser. Etwa 700 m von uns entfernt.<\/p>\n<\/div>\n\n\n\n<div class=\"wp-block-column is-layout-flow wp-block-column-is-layout-flow\">\n<p>Die Burg Landskron ist eine mittelalterliche H\u00f6henburg nord\u00f6stlich von Villach im Bundesland K\u00e4rnten, \u00d6sterreich. Die aus dem fr\u00fchen 14. Jahrhundert stammende Burgruine befindet sich auf einem Felskegel der Ossiacher Tauern auf einer H\u00f6he von 658 Metern \u00fcber dem Meeresspiegel.<\/p>\n<\/div>\n\n\n\n<div class=\"wp-block-column is-layout-flow wp-block-column-is-layout-flow\">\n<p>Ein See der Sehnsucht, das ist der Millst\u00e4tter See. Tief und klar, ein jetzt erw\u00e4rmter Gletschersee der Eiszeit, der sich seine eigene Mulde gr\u00e4bt und die Berge ringsum sanft modelliert. Die R\u00f6mer kamen hierher, tausend Jahre sp\u00e4ter gr\u00fcndeten die Benediktiner hier ein Kloster, Bauern und Fischer nutzten die fruchtbaren H\u00e4nge, die vielen Sonnenstunden und das milde, in der Tiefe n\u00e4hrstoffreiche und daher fischreiche Wasser.<\/p>\n<\/div>\n<\/div>\n\n\n\n<div style=\"height:2px\" aria-hidden=\"true\" class=\"wp-block-spacer\"><\/div>","protected":false},"excerpt":{"rendered":"<p>The historic Villa Huber from 1830 is located 700 meters from Lake Afritz. It offers fine Carinthian cuisine and spacious rooms with a balcony. Relax on the outdoor terrace or in the free sauna.All rooms at the Hotel Villa Huber feature elegant, historic furniture, free Wi-Fi, and satellite TV. The bathrooms are equipped with power [&hellip;]<\/p>\n","protected":false},"author":1,"featured_media":0,"parent":0,"menu_order":0,"comment_status":"closed","ping_status":"closed","template":"no-title","meta":{"nf_dc_page":"home","_monsterinsights_skip_tracking":false,"_monsterinsights_sitenote_active":false,"_monsterinsights_sitenote_note":"","_monsterinsights_sitenote_category":0,"footnotes":""},"categories":[],"tags":[],"class_list":["post-5","page","type-page","status-publish","hentry"],"yoast_head":"<!-- This site is optimized with the Yoast SEO plugin v27.3 - https:\/\/yoast.com\/product\/yoast-seo-wordpress\/ -->\n<title>Hotel - Hotel Villa Huber<\/title>\n<meta name=\"robots\" content=\"index, follow, max-snippet:-1, max-image-preview:large, max-video-preview:-1\" \/>\n<link rel=\"canonical\" href=\"https:\/\/hotelvillahuber.com\/de\/\" \/>\n<meta property=\"og:locale\" content=\"de_DE\" \/>\n<meta property=\"og:type\" content=\"article\" \/>\n<meta property=\"og:title\" content=\"Hotel - Hotel Villa Huber\" \/>\n<meta property=\"og:description\" content=\"The historic Villa Huber from 1830 is located 700 meters from Lake Afritz. It offers fine Carinthian cuisine and spacious rooms with a balcony. Relax on the outdoor terrace or in the free sauna.All rooms at the Hotel Villa Huber feature elegant, historic furniture, free Wi-Fi, and satellite TV. The bathrooms are equipped with power [&hellip;]\" \/>\n<meta property=\"og:url\" content=\"https:\/\/hotelvillahuber.com\/de\/\" \/>\n<meta property=\"og:site_name\" content=\"Hotel Villa Huber\" \/>\n<meta property=\"article:publisher\" content=\"https:\/\/www.facebook.com\/HotelVillaHuberAustria\" \/>\n<meta property=\"article:modified_time\" content=\"2023-06-18T12:53:57+00:00\" \/>\n<meta property=\"og:image\" content=\"http:\/\/nzi.drf.mybluehost.me\/wp-content\/uploads\/2023\/06\/Hotel-Welcome-1-1024x452.png\" \/>\n<script type=\"application\/ld+json\" class=\"yoast-schema-graph\">{\"@context\":\"https:\\\/\\\/schema.org\",\"@graph\":[{\"@type\":\"WebPage\",\"@id\":\"https:\\\/\\\/hotelvillahuber.com\\\/\",\"url\":\"https:\\\/\\\/hotelvillahuber.com\\\/\",\"name\":\"Hotel - Hotel Villa Huber\",\"isPartOf\":{\"@id\":\"https:\\\/\\\/hotelvillahuber.com\\\/#website\"},\"primaryImageOfPage\":{\"@id\":\"https:\\\/\\\/hotelvillahuber.com\\\/#primaryimage\"},\"image\":{\"@id\":\"https:\\\/\\\/hotelvillahuber.com\\\/#primaryimage\"},\"thumbnailUrl\":\"http:\\\/\\\/nzi.drf.mybluehost.me\\\/wp-content\\\/uploads\\\/2023\\\/06\\\/Hotel-Welcome-1-1024x452.png\",\"datePublished\":\"2023-06-17T17:00:12+00:00\",\"dateModified\":\"2023-06-18T12:53:57+00:00\",\"breadcrumb\":{\"@id\":\"https:\\\/\\\/hotelvillahuber.com\\\/#breadcrumb\"},\"inLanguage\":\"de-AT\",\"potentialAction\":[{\"@type\":\"ReadAction\",\"target\":[\"https:\\\/\\\/hotelvillahuber.com\\\/\"]}]},{\"@type\":\"ImageObject\",\"inLanguage\":\"de-AT\",\"@id\":\"https:\\\/\\\/hotelvillahuber.com\\\/#primaryimage\",\"url\":\"http:\\\/\\\/nzi.drf.mybluehost.me\\\/wp-content\\\/uploads\\\/2023\\\/06\\\/Hotel-Welcome-1-1024x452.png\",\"contentUrl\":\"http:\\\/\\\/nzi.drf.mybluehost.me\\\/wp-content\\\/uploads\\\/2023\\\/06\\\/Hotel-Welcome-1-1024x452.png\"},{\"@type\":\"BreadcrumbList\",\"@id\":\"https:\\\/\\\/hotelvillahuber.com\\\/#breadcrumb\",\"itemListElement\":[{\"@type\":\"ListItem\",\"position\":1,\"name\":\"Home\",\"item\":\"https:\\\/\\\/hotelvillahuber.com\\\/\"},{\"@type\":\"ListItem\",\"position\":2,\"name\":\"Hotel\"}]},{\"@type\":\"WebSite\",\"@id\":\"https:\\\/\\\/hotelvillahuber.com\\\/#website\",\"url\":\"https:\\\/\\\/hotelvillahuber.com\\\/\",\"name\":\"Hotel Villa Huber\",\"description\":\"The historic Villa Huber from 1830 is located 700m from Lake Afritz.\",\"publisher\":{\"@id\":\"https:\\\/\\\/hotelvillahuber.com\\\/#organization\"},\"potentialAction\":[{\"@type\":\"SearchAction\",\"target\":{\"@type\":\"EntryPoint\",\"urlTemplate\":\"https:\\\/\\\/hotelvillahuber.com\\\/?s={search_term_string}\"},\"query-input\":{\"@type\":\"PropertyValueSpecification\",\"valueRequired\":true,\"valueName\":\"search_term_string\"}}],\"inLanguage\":\"de-AT\"},{\"@type\":\"Organization\",\"@id\":\"https:\\\/\\\/hotelvillahuber.com\\\/#organization\",\"name\":\"Hotel Villa Huber\",\"url\":\"https:\\\/\\\/hotelvillahuber.com\\\/\",\"logo\":{\"@type\":\"ImageObject\",\"inLanguage\":\"de-AT\",\"@id\":\"https:\\\/\\\/hotelvillahuber.com\\\/#\\\/schema\\\/logo\\\/image\\\/\",\"url\":\"https:\\\/\\\/i0.wp.com\\\/hotelvillahuber.com\\\/wp-content\\\/uploads\\\/2023\\\/06\\\/villahuber_logo.png?fit=609%2C232\",\"contentUrl\":\"https:\\\/\\\/i0.wp.com\\\/hotelvillahuber.com\\\/wp-content\\\/uploads\\\/2023\\\/06\\\/villahuber_logo.png?fit=609%2C232\",\"width\":609,\"height\":232,\"caption\":\"Hotel Villa Huber\"},\"image\":{\"@id\":\"https:\\\/\\\/hotelvillahuber.com\\\/#\\\/schema\\\/logo\\\/image\\\/\"},\"sameAs\":[\"https:\\\/\\\/www.facebook.com\\\/HotelVillaHuberAustria\"]}]}<\/script>\n<!-- \/ Yoast SEO plugin. -->","yoast_head_json":{"title":"Hotel - Hotel Villa Huber","robots":{"index":"index","follow":"follow","max-snippet":"max-snippet:-1","max-image-preview":"max-image-preview:large","max-video-preview":"max-video-preview:-1"},"canonical":"https:\/\/hotelvillahuber.com\/de\/","og_locale":"de_DE","og_type":"article","og_title":"Hotel - Hotel Villa Huber","og_description":"The historic Villa Huber from 1830 is located 700 meters from Lake Afritz. It offers fine Carinthian cuisine and spacious rooms with a balcony. Relax on the outdoor terrace or in the free sauna.All rooms at the Hotel Villa Huber feature elegant, historic furniture, free Wi-Fi, and satellite TV. The bathrooms are equipped with power [&hellip;]","og_url":"https:\/\/hotelvillahuber.com\/de\/","og_site_name":"Hotel Villa Huber","article_publisher":"https:\/\/www.facebook.com\/HotelVillaHuberAustria","article_modified_time":"2023-06-18T12:53:57+00:00","og_image":[{"url":"http:\/\/nzi.drf.mybluehost.me\/wp-content\/uploads\/2023\/06\/Hotel-Welcome-1-1024x452.png","type":"","width":"","height":""}],"schema":{"@context":"https:\/\/schema.org","@graph":[{"@type":"WebPage","@id":"https:\/\/hotelvillahuber.com\/","url":"https:\/\/hotelvillahuber.com\/","name":"Hotel - Hotel Villa Huber","isPartOf":{"@id":"https:\/\/hotelvillahuber.com\/#website"},"primaryImageOfPage":{"@id":"https:\/\/hotelvillahuber.com\/#primaryimage"},"image":{"@id":"https:\/\/hotelvillahuber.com\/#primaryimage"},"thumbnailUrl":"http:\/\/nzi.drf.mybluehost.me\/wp-content\/uploads\/2023\/06\/Hotel-Welcome-1-1024x452.png","datePublished":"2023-06-17T17:00:12+00:00","dateModified":"2023-06-18T12:53:57+00:00","breadcrumb":{"@id":"https:\/\/hotelvillahuber.com\/#breadcrumb"},"inLanguage":"de-AT","potentialAction":[{"@type":"ReadAction","target":["https:\/\/hotelvillahuber.com\/"]}]},{"@type":"ImageObject","inLanguage":"de-AT","@id":"https:\/\/hotelvillahuber.com\/#primaryimage","url":"http:\/\/nzi.drf.mybluehost.me\/wp-content\/uploads\/2023\/06\/Hotel-Welcome-1-1024x452.png","contentUrl":"http:\/\/nzi.drf.mybluehost.me\/wp-content\/uploads\/2023\/06\/Hotel-Welcome-1-1024x452.png"},{"@type":"BreadcrumbList","@id":"https:\/\/hotelvillahuber.com\/#breadcrumb","itemListElement":[{"@type":"ListItem","position":1,"name":"Home","item":"https:\/\/hotelvillahuber.com\/"},{"@type":"ListItem","position":2,"name":"Hotel"}]},{"@type":"WebSite","@id":"https:\/\/hotelvillahuber.com\/#website","url":"https:\/\/hotelvillahuber.com\/","name":"Hotel Villa Huber","description":"The historic Villa Huber from 1830 is located 700m from Lake Afritz.","publisher":{"@id":"https:\/\/hotelvillahuber.com\/#organization"},"potentialAction":[{"@type":"SearchAction","target":{"@type":"EntryPoint","urlTemplate":"https:\/\/hotelvillahuber.com\/?s={search_term_string}"},"query-input":{"@type":"PropertyValueSpecification","valueRequired":true,"valueName":"search_term_string"}}],"inLanguage":"de-AT"},{"@type":"Organization","@id":"https:\/\/hotelvillahuber.com\/#organization","name":"Hotel Villa Huber","url":"https:\/\/hotelvillahuber.com\/","logo":{"@type":"ImageObject","inLanguage":"de-AT","@id":"https:\/\/hotelvillahuber.com\/#\/schema\/logo\/image\/","url":"https:\/\/i0.wp.com\/hotelvillahuber.com\/wp-content\/uploads\/2023\/06\/villahuber_logo.png?fit=609%2C232","contentUrl":"https:\/\/i0.wp.com\/hotelvillahuber.com\/wp-content\/uploads\/2023\/06\/villahuber_logo.png?fit=609%2C232","width":609,"height":232,"caption":"Hotel Villa Huber"},"image":{"@id":"https:\/\/hotelvillahuber.com\/#\/schema\/logo\/image\/"},"sameAs":["https:\/\/www.facebook.com\/HotelVillaHuberAustria"]}]}},"jetpack_sharing_enabled":true,"_links":{"self":[{"href":"http:\/\/hotelvillahuber.com\/de\/wp-json\/wp\/v2\/pages\/5","targetHints":{"allow":["GET"]}}],"collection":[{"href":"http:\/\/hotelvillahuber.com\/de\/wp-json\/wp\/v2\/pages"}],"about":[{"href":"http:\/\/hotelvillahuber.com\/de\/wp-json\/wp\/v2\/types\/page"}],"author":[{"embeddable":true,"href":"http:\/\/hotelvillahuber.com\/de\/wp-json\/wp\/v2\/users\/1"}],"replies":[{"embeddable":true,"href":"http:\/\/hotelvillahuber.com\/de\/wp-json\/wp\/v2\/comments?post=5"}],"version-history":[{"count":5,"href":"http:\/\/hotelvillahuber.com\/de\/wp-json\/wp\/v2\/pages\/5\/revisions"}],"predecessor-version":[{"id":251,"href":"http:\/\/hotelvillahuber.com\/de\/wp-json\/wp\/v2\/pages\/5\/revisions\/251"}],"wp:attachment":[{"href":"http:\/\/hotelvillahuber.com\/de\/wp-json\/wp\/v2\/media?parent=5"}],"wp:term":[{"taxonomy":"category","embeddable":true,"href":"http:\/\/hotelvillahuber.com\/de\/wp-json\/wp\/v2\/categories?post=5"},{"taxonomy":"post_tag","embeddable":true,"href":"http:\/\/hotelvillahuber.com\/de\/wp-json\/wp\/v2\/tags?post=5"}],"curies":[{"name":"wp","href":"https:\/\/api.w.org\/{rel}","templated":true}]}}